{"id":8960,"date":"2021-12-24T12:59:54","date_gmt":"2021-12-24T09:59:54","guid":{"rendered":"https:\/\/cook.com.tr\/?page_id=8960"},"modified":"2022-01-04T11:36:56","modified_gmt":"2022-01-04T08:36:56","slug":"cookluhayat","status":"publish","type":"page","link":"https:\/\/cook.com.tr\/tr\/cookluhayat\/","title":{"rendered":"cookluhayat"},"content":{"rendered":"<p><!-- Event snippet for cookluhayat conversion page --><br \/>\n<script>\n  gtag('event', 'conversion', {'send_to': 'AW-1015807115\/UvqoCOy48o0DEIv5r-QD'});\n<\/script><\/p>\n<p><!-- Event snippet for COOK - Page view conversion page --> <script> gtag('event', 'conversion', {'send_to': 'AW-10832953353\/-QG8CJr2s40DEImAx60o'}); <\/script><br \/>\n<!-- Facebook Pixel Code --><br \/>\n<script>\n  !function(f,b,e,v,n,t,s)\n  {if(f.fbq)return;n=f.fbq=function(){n.callMethod?\n  n.callMethod.apply(n,arguments):n.queue.push(arguments)};\n  if(!f._fbq)f._fbq=n;n.push=n;n.loaded=!0;n.version='2.0';\n  n.queue=[];t=b.createElement(e);t.async=!0;\n  t.src=v;s=b.getElementsByTagName(e)[0];\n  s.parentNode.insertBefore(t,s)}(window, document,'script',\n  'https:\/\/connect.facebook.net\/en_US\/fbevents.js');\n  fbq('init', '643517906920093');\n  fbq('track', 'PageView');\n<\/script><br \/>\n<noscript><img loading=\"lazy\" decoding=\"async\" height=\"1\" width=\"1\" style=\"display:none\"\n  src=\"https:\/\/www.facebook.com\/tr?id=643517906920093&#038;ev=PageView&#038;noscript=1\"\n\/><\/noscript><br \/>\n<!-- End Facebook Pixel Code --><\/p>\n<p>&nbsp;<\/p>\n<p><iframe class=\"full-width\" style=\"position: fixed; top: 0px; left: 0; bottom: 0px; right: 0; width: 100%; height: 100%; border: none; background-color: white; margin: 0; padding: 0; overflow: hidden; z-index: 999999;\" title=\"COOK'lu Hayat\" src=\"https:\/\/www.laiva.net\/cook-promo\"><span data-mce-type=\"bookmark\" style=\"display: inline-block; width: 0px; overflow: hidden; line-height: 0;\" class=\"mce_SELRES_start\">\ufeff<\/span><br \/>\n<\/iframe><\/p>\n<p>&nbsp;<\/p>\n","protected":false},"excerpt":{"rendered":"<p>&nbsp; \ufeff &nbsp;<\/p>\n","protected":false},"author":3,"featured_media":0,"parent":0,"menu_order":0,"comment_status":"closed","ping_status":"closed","template":"","meta":{"footnotes":""},"class_list":["post-8960","page","type-page","status-publish","hentry"],"yoast_head":"<!-- This site is optimized with the Yoast SEO plugin v27.4 - https:\/\/yoast.com\/product\/yoast-seo-wordpress\/ -->\n<title>cookluhayat - COOK T\u00fcketici \u00dcr\u00fcnleri<\/title>\n<meta name=\"robots\" content=\"index, follow, max-snippet:-1, max-image-preview:large, max-video-preview:-1\" \/>\n<link rel=\"canonical\" href=\"https:\/\/cook.com.tr\/tr\/cookluhayat\/\" \/>\n<meta property=\"og:locale\" content=\"tr_TR\" \/>\n<meta property=\"og:type\" content=\"article\" \/>\n<meta property=\"og:title\" content=\"cookluhayat - COOK T\u00fcketici \u00dcr\u00fcnleri\" \/>\n<meta property=\"og:description\" content=\"&nbsp; \ufeff &nbsp;\" \/>\n<meta property=\"og:url\" content=\"https:\/\/cook.com.tr\/tr\/cookluhayat\/\" \/>\n<meta property=\"og:site_name\" content=\"COOK T\u00fcketici \u00dcr\u00fcnleri\" \/>\n<meta property=\"article:modified_time\" content=\"2022-01-04T08:36:56+00:00\" \/>\n<meta property=\"og:image\" content=\"https:\/\/cook.com.tr\/wp-content\/uploads\/2022\/03\/qr_code_banner_2.jpg\" \/>\n\t<meta property=\"og:image:width\" content=\"1639\" \/>\n\t<meta property=\"og:image:height\" content=\"756\" \/>\n\t<meta property=\"og:image:type\" content=\"image\/jpeg\" \/>\n<meta name=\"twitter:card\" content=\"summary_large_image\" \/>\n<script type=\"application\/ld+json\" class=\"yoast-schema-graph\">{\"@context\":\"https:\\\/\\\/schema.org\",\"@graph\":[{\"@type\":\"WebPage\",\"@id\":\"https:\\\/\\\/cook.com.tr\\\/tr\\\/cookluhayat\\\/\",\"url\":\"https:\\\/\\\/cook.com.tr\\\/tr\\\/cookluhayat\\\/\",\"name\":\"cookluhayat - COOK T\u00fcketici \u00dcr\u00fcnleri\",\"isPartOf\":{\"@id\":\"https:\\\/\\\/cook.com.tr\\\/tr\\\/#website\"},\"primaryImageOfPage\":{\"@id\":\"https:\\\/\\\/cook.com.tr\\\/tr\\\/cookluhayat\\\/#primaryimage\"},\"image\":{\"@id\":\"https:\\\/\\\/cook.com.tr\\\/tr\\\/cookluhayat\\\/#primaryimage\"},\"thumbnailUrl\":\"https:\\\/\\\/www.facebook.com\\\/tr?id=643517906920093&ev=PageView&noscript=1\",\"datePublished\":\"2021-12-24T09:59:54+00:00\",\"dateModified\":\"2022-01-04T08:36:56+00:00\",\"breadcrumb\":{\"@id\":\"https:\\\/\\\/cook.com.tr\\\/tr\\\/cookluhayat\\\/#breadcrumb\"},\"inLanguage\":\"tr\",\"potentialAction\":[{\"@type\":\"ReadAction\",\"target\":[\"https:\\\/\\\/cook.com.tr\\\/tr\\\/cookluhayat\\\/\"]}]},{\"@type\":\"ImageObject\",\"inLanguage\":\"tr\",\"@id\":\"https:\\\/\\\/cook.com.tr\\\/tr\\\/cookluhayat\\\/#primaryimage\",\"url\":\"https:\\\/\\\/www.facebook.com\\\/tr?id=643517906920093&ev=PageView&noscript=1\",\"contentUrl\":\"https:\\\/\\\/www.facebook.com\\\/tr?id=643517906920093&ev=PageView&noscript=1\"},{\"@type\":\"BreadcrumbList\",\"@id\":\"https:\\\/\\\/cook.com.tr\\\/tr\\\/cookluhayat\\\/#breadcrumb\",\"itemListElement\":[{\"@type\":\"ListItem\",\"position\":1,\"name\":\"Anasayfa\",\"item\":\"https:\\\/\\\/cook.com.tr\\\/tr\\\/\"},{\"@type\":\"ListItem\",\"position\":2,\"name\":\"cookluhayat\"}]},{\"@type\":\"WebSite\",\"@id\":\"https:\\\/\\\/cook.com.tr\\\/tr\\\/#website\",\"url\":\"https:\\\/\\\/cook.com.tr\\\/tr\\\/\",\"name\":\"COOK T\u00fcketici \u00dcr\u00fcnleri\",\"description\":\"COOK&#039;lu Hayat\",\"publisher\":{\"@id\":\"https:\\\/\\\/cook.com.tr\\\/tr\\\/#organization\"},\"potentialAction\":[{\"@type\":\"SearchAction\",\"target\":{\"@type\":\"EntryPoint\",\"urlTemplate\":\"https:\\\/\\\/cook.com.tr\\\/tr\\\/?s={search_term_string}\"},\"query-input\":{\"@type\":\"PropertyValueSpecification\",\"valueRequired\":true,\"valueName\":\"search_term_string\"}}],\"inLanguage\":\"tr\"},{\"@type\":\"Organization\",\"@id\":\"https:\\\/\\\/cook.com.tr\\\/tr\\\/#organization\",\"name\":\"COOK\",\"url\":\"https:\\\/\\\/cook.com.tr\\\/tr\\\/\",\"logo\":{\"@type\":\"ImageObject\",\"inLanguage\":\"tr\",\"@id\":\"https:\\\/\\\/cook.com.tr\\\/tr\\\/#\\\/schema\\\/logo\\\/image\\\/\",\"url\":\"https:\\\/\\\/cook.com.tr\\\/wp-content\\\/uploads\\\/2021\\\/04\\\/cook-logo-1-2.png\",\"contentUrl\":\"https:\\\/\\\/cook.com.tr\\\/wp-content\\\/uploads\\\/2021\\\/04\\\/cook-logo-1-2.png\",\"width\":113,\"height\":53,\"caption\":\"COOK\"},\"image\":{\"@id\":\"https:\\\/\\\/cook.com.tr\\\/tr\\\/#\\\/schema\\\/logo\\\/image\\\/\"}}]}<\/script>\n<!-- \/ Yoast SEO plugin. -->","yoast_head_json":{"title":"cookluhayat - COOK T\u00fcketici \u00dcr\u00fcnleri","robots":{"index":"index","follow":"follow","max-snippet":"max-snippet:-1","max-image-preview":"max-image-preview:large","max-video-preview":"max-video-preview:-1"},"canonical":"https:\/\/cook.com.tr\/tr\/cookluhayat\/","og_locale":"tr_TR","og_type":"article","og_title":"cookluhayat - COOK T\u00fcketici \u00dcr\u00fcnleri","og_description":"&nbsp; \ufeff &nbsp;","og_url":"https:\/\/cook.com.tr\/tr\/cookluhayat\/","og_site_name":"COOK T\u00fcketici \u00dcr\u00fcnleri","article_modified_time":"2022-01-04T08:36:56+00:00","og_image":[{"width":1639,"height":756,"url":"https:\/\/cook.com.tr\/wp-content\/uploads\/2022\/03\/qr_code_banner_2.jpg","type":"image\/jpeg"}],"twitter_card":"summary_large_image","schema":{"@context":"https:\/\/schema.org","@graph":[{"@type":"WebPage","@id":"https:\/\/cook.com.tr\/tr\/cookluhayat\/","url":"https:\/\/cook.com.tr\/tr\/cookluhayat\/","name":"cookluhayat - COOK T\u00fcketici \u00dcr\u00fcnleri","isPartOf":{"@id":"https:\/\/cook.com.tr\/tr\/#website"},"primaryImageOfPage":{"@id":"https:\/\/cook.com.tr\/tr\/cookluhayat\/#primaryimage"},"image":{"@id":"https:\/\/cook.com.tr\/tr\/cookluhayat\/#primaryimage"},"thumbnailUrl":"https:\/\/www.facebook.com\/tr?id=643517906920093&ev=PageView&noscript=1","datePublished":"2021-12-24T09:59:54+00:00","dateModified":"2022-01-04T08:36:56+00:00","breadcrumb":{"@id":"https:\/\/cook.com.tr\/tr\/cookluhayat\/#breadcrumb"},"inLanguage":"tr","potentialAction":[{"@type":"ReadAction","target":["https:\/\/cook.com.tr\/tr\/cookluhayat\/"]}]},{"@type":"ImageObject","inLanguage":"tr","@id":"https:\/\/cook.com.tr\/tr\/cookluhayat\/#primaryimage","url":"https:\/\/www.facebook.com\/tr?id=643517906920093&ev=PageView&noscript=1","contentUrl":"https:\/\/www.facebook.com\/tr?id=643517906920093&ev=PageView&noscript=1"},{"@type":"BreadcrumbList","@id":"https:\/\/cook.com.tr\/tr\/cookluhayat\/#breadcrumb","itemListElement":[{"@type":"ListItem","position":1,"name":"Anasayfa","item":"https:\/\/cook.com.tr\/tr\/"},{"@type":"ListItem","position":2,"name":"cookluhayat"}]},{"@type":"WebSite","@id":"https:\/\/cook.com.tr\/tr\/#website","url":"https:\/\/cook.com.tr\/tr\/","name":"COOK T\u00fcketici \u00dcr\u00fcnleri","description":"COOK&#039;lu Hayat","publisher":{"@id":"https:\/\/cook.com.tr\/tr\/#organization"},"potentialAction":[{"@type":"SearchAction","target":{"@type":"EntryPoint","urlTemplate":"https:\/\/cook.com.tr\/tr\/?s={search_term_string}"},"query-input":{"@type":"PropertyValueSpecification","valueRequired":true,"valueName":"search_term_string"}}],"inLanguage":"tr"},{"@type":"Organization","@id":"https:\/\/cook.com.tr\/tr\/#organization","name":"COOK","url":"https:\/\/cook.com.tr\/tr\/","logo":{"@type":"ImageObject","inLanguage":"tr","@id":"https:\/\/cook.com.tr\/tr\/#\/schema\/logo\/image\/","url":"https:\/\/cook.com.tr\/wp-content\/uploads\/2021\/04\/cook-logo-1-2.png","contentUrl":"https:\/\/cook.com.tr\/wp-content\/uploads\/2021\/04\/cook-logo-1-2.png","width":113,"height":53,"caption":"COOK"},"image":{"@id":"https:\/\/cook.com.tr\/tr\/#\/schema\/logo\/image\/"}}]}},"_links":{"self":[{"href":"https:\/\/cook.com.tr\/tr\/wp-json\/wp\/v2\/pages\/8960","targetHints":{"allow":["GET"]}}],"collection":[{"href":"https:\/\/cook.com.tr\/tr\/wp-json\/wp\/v2\/pages"}],"about":[{"href":"https:\/\/cook.com.tr\/tr\/wp-json\/wp\/v2\/types\/page"}],"author":[{"embeddable":true,"href":"https:\/\/cook.com.tr\/tr\/wp-json\/wp\/v2\/users\/3"}],"replies":[{"embeddable":true,"href":"https:\/\/cook.com.tr\/tr\/wp-json\/wp\/v2\/comments?post=8960"}],"version-history":[{"count":0,"href":"https:\/\/cook.com.tr\/tr\/wp-json\/wp\/v2\/pages\/8960\/revisions"}],"wp:attachment":[{"href":"https:\/\/cook.com.tr\/tr\/wp-json\/wp\/v2\/media?parent=8960"}],"curies":[{"name":"wp","href":"https:\/\/api.w.org\/{rel}","templated":true}]}}