{"id":201,"date":"2021-01-17T22:04:04","date_gmt":"2021-01-17T19:04:04","guid":{"rendered":"https:\/\/cook.com.tr\/?page_id=201"},"modified":"2023-07-11T16:02:07","modified_gmt":"2023-07-11T13:02:07","slug":"iletisim","status":"publish","type":"page","link":"https:\/\/cook.com.tr\/tr\/iletisim\/","title":{"rendered":"\u0130leti\u015fim"},"content":{"rendered":"<p><a href=\"https:\/\/sedattahir.com\/kvkk\/\" rel=\"noopener\" target=\"_blank\">KVKK<\/a><\/p>\n","protected":false},"excerpt":{"rendered":"<p>KVKK<\/p>\n","protected":false},"author":1,"featured_media":0,"parent":0,"menu_order":0,"comment_status":"closed","ping_status":"closed","template":"iletisim.php","meta":{"footnotes":""},"class_list":["post-201","page","type-page","status-publish","hentry"],"yoast_head":"<!-- This site is optimized with the Yoast SEO plugin v27.4 - https:\/\/yoast.com\/product\/yoast-seo-wordpress\/ -->\n<title>\u0130leti\u015fim - COOK T\u00fcketici \u00dcr\u00fcnleri<\/title>\n<meta name=\"robots\" content=\"index, follow, max-snippet:-1, max-image-preview:large, max-video-preview:-1\" \/>\n<link rel=\"canonical\" href=\"https:\/\/cook.com.tr\/tr\/iletisim\/\" \/>\n<meta property=\"og:locale\" content=\"tr_TR\" \/>\n<meta property=\"og:type\" content=\"article\" \/>\n<meta property=\"og:title\" content=\"\u0130leti\u015fim - COOK T\u00fcketici \u00dcr\u00fcnleri\" \/>\n<meta property=\"og:description\" content=\"KVKK\" \/>\n<meta property=\"og:url\" content=\"https:\/\/cook.com.tr\/tr\/iletisim\/\" \/>\n<meta property=\"og:site_name\" content=\"COOK T\u00fcketici \u00dcr\u00fcnleri\" \/>\n<meta property=\"article:modified_time\" content=\"2023-07-11T13:02:07+00:00\" \/>\n<meta name=\"twitter:card\" content=\"summary_large_image\" \/>\n<script type=\"application\/ld+json\" class=\"yoast-schema-graph\">{\"@context\":\"https:\\\/\\\/schema.org\",\"@graph\":[{\"@type\":\"WebPage\",\"@id\":\"https:\\\/\\\/cook.com.tr\\\/tr\\\/iletisim\\\/\",\"url\":\"https:\\\/\\\/cook.com.tr\\\/tr\\\/iletisim\\\/\",\"name\":\"\u0130leti\u015fim - COOK T\u00fcketici \u00dcr\u00fcnleri\",\"isPartOf\":{\"@id\":\"https:\\\/\\\/cook.com.tr\\\/tr\\\/#website\"},\"datePublished\":\"2021-01-17T19:04:04+00:00\",\"dateModified\":\"2023-07-11T13:02:07+00:00\",\"breadcrumb\":{\"@id\":\"https:\\\/\\\/cook.com.tr\\\/tr\\\/iletisim\\\/#breadcrumb\"},\"inLanguage\":\"tr\",\"potentialAction\":[{\"@type\":\"ReadAction\",\"target\":[\"https:\\\/\\\/cook.com.tr\\\/tr\\\/iletisim\\\/\"]}]},{\"@type\":\"BreadcrumbList\",\"@id\":\"https:\\\/\\\/cook.com.tr\\\/tr\\\/iletisim\\\/#breadcrumb\",\"itemListElement\":[{\"@type\":\"ListItem\",\"position\":1,\"name\":\"Anasayfa\",\"item\":\"https:\\\/\\\/cook.com.tr\\\/tr\\\/\"},{\"@type\":\"ListItem\",\"position\":2,\"name\":\"\u0130leti\u015fim\"}]},{\"@type\":\"WebSite\",\"@id\":\"https:\\\/\\\/cook.com.tr\\\/tr\\\/#website\",\"url\":\"https:\\\/\\\/cook.com.tr\\\/tr\\\/\",\"name\":\"COOK T\u00fcketici \u00dcr\u00fcnleri\",\"description\":\"COOK&#039;lu Hayat\",\"publisher\":{\"@id\":\"https:\\\/\\\/cook.com.tr\\\/tr\\\/#organization\"},\"potentialAction\":[{\"@type\":\"SearchAction\",\"target\":{\"@type\":\"EntryPoint\",\"urlTemplate\":\"https:\\\/\\\/cook.com.tr\\\/tr\\\/?s={search_term_string}\"},\"query-input\":{\"@type\":\"PropertyValueSpecification\",\"valueRequired\":true,\"valueName\":\"search_term_string\"}}],\"inLanguage\":\"tr\"},{\"@type\":\"Organization\",\"@id\":\"https:\\\/\\\/cook.com.tr\\\/tr\\\/#organization\",\"name\":\"COOK\",\"url\":\"https:\\\/\\\/cook.com.tr\\\/tr\\\/\",\"logo\":{\"@type\":\"ImageObject\",\"inLanguage\":\"tr\",\"@id\":\"https:\\\/\\\/cook.com.tr\\\/tr\\\/#\\\/schema\\\/logo\\\/image\\\/\",\"url\":\"https:\\\/\\\/cook.com.tr\\\/wp-content\\\/uploads\\\/2021\\\/04\\\/cook-logo-1-2.png\",\"contentUrl\":\"https:\\\/\\\/cook.com.tr\\\/wp-content\\\/uploads\\\/2021\\\/04\\\/cook-logo-1-2.png\",\"width\":113,\"height\":53,\"caption\":\"COOK\"},\"image\":{\"@id\":\"https:\\\/\\\/cook.com.tr\\\/tr\\\/#\\\/schema\\\/logo\\\/image\\\/\"}}]}<\/script>\n<!-- \/ Yoast SEO plugin. -->","yoast_head_json":{"title":"\u0130leti\u015fim - COOK T\u00fcketici \u00dcr\u00fcnleri","robots":{"index":"index","follow":"follow","max-snippet":"max-snippet:-1","max-image-preview":"max-image-preview:large","max-video-preview":"max-video-preview:-1"},"canonical":"https:\/\/cook.com.tr\/tr\/iletisim\/","og_locale":"tr_TR","og_type":"article","og_title":"\u0130leti\u015fim - COOK T\u00fcketici \u00dcr\u00fcnleri","og_description":"KVKK","og_url":"https:\/\/cook.com.tr\/tr\/iletisim\/","og_site_name":"COOK T\u00fcketici \u00dcr\u00fcnleri","article_modified_time":"2023-07-11T13:02:07+00:00","twitter_card":"summary_large_image","schema":{"@context":"https:\/\/schema.org","@graph":[{"@type":"WebPage","@id":"https:\/\/cook.com.tr\/tr\/iletisim\/","url":"https:\/\/cook.com.tr\/tr\/iletisim\/","name":"\u0130leti\u015fim - COOK T\u00fcketici \u00dcr\u00fcnleri","isPartOf":{"@id":"https:\/\/cook.com.tr\/tr\/#website"},"datePublished":"2021-01-17T19:04:04+00:00","dateModified":"2023-07-11T13:02:07+00:00","breadcrumb":{"@id":"https:\/\/cook.com.tr\/tr\/iletisim\/#breadcrumb"},"inLanguage":"tr","potentialAction":[{"@type":"ReadAction","target":["https:\/\/cook.com.tr\/tr\/iletisim\/"]}]},{"@type":"BreadcrumbList","@id":"https:\/\/cook.com.tr\/tr\/iletisim\/#breadcrumb","itemListElement":[{"@type":"ListItem","position":1,"name":"Anasayfa","item":"https:\/\/cook.com.tr\/tr\/"},{"@type":"ListItem","position":2,"name":"\u0130leti\u015fim"}]},{"@type":"WebSite","@id":"https:\/\/cook.com.tr\/tr\/#website","url":"https:\/\/cook.com.tr\/tr\/","name":"COOK T\u00fcketici \u00dcr\u00fcnleri","description":"COOK&#039;lu Hayat","publisher":{"@id":"https:\/\/cook.com.tr\/tr\/#organization"},"potentialAction":[{"@type":"SearchAction","target":{"@type":"EntryPoint","urlTemplate":"https:\/\/cook.com.tr\/tr\/?s={search_term_string}"},"query-input":{"@type":"PropertyValueSpecification","valueRequired":true,"valueName":"search_term_string"}}],"inLanguage":"tr"},{"@type":"Organization","@id":"https:\/\/cook.com.tr\/tr\/#organization","name":"COOK","url":"https:\/\/cook.com.tr\/tr\/","logo":{"@type":"ImageObject","inLanguage":"tr","@id":"https:\/\/cook.com.tr\/tr\/#\/schema\/logo\/image\/","url":"https:\/\/cook.com.tr\/wp-content\/uploads\/2021\/04\/cook-logo-1-2.png","contentUrl":"https:\/\/cook.com.tr\/wp-content\/uploads\/2021\/04\/cook-logo-1-2.png","width":113,"height":53,"caption":"COOK"},"image":{"@id":"https:\/\/cook.com.tr\/tr\/#\/schema\/logo\/image\/"}}]}},"_links":{"self":[{"href":"https:\/\/cook.com.tr\/tr\/wp-json\/wp\/v2\/pages\/201","targetHints":{"allow":["GET"]}}],"collection":[{"href":"https:\/\/cook.com.tr\/tr\/wp-json\/wp\/v2\/pages"}],"about":[{"href":"https:\/\/cook.com.tr\/tr\/wp-json\/wp\/v2\/types\/page"}],"author":[{"embeddable":true,"href":"https:\/\/cook.com.tr\/tr\/wp-json\/wp\/v2\/users\/1"}],"replies":[{"embeddable":true,"href":"https:\/\/cook.com.tr\/tr\/wp-json\/wp\/v2\/comments?post=201"}],"version-history":[{"count":0,"href":"https:\/\/cook.com.tr\/tr\/wp-json\/wp\/v2\/pages\/201\/revisions"}],"wp:attachment":[{"href":"https:\/\/cook.com.tr\/tr\/wp-json\/wp\/v2\/media?parent=201"}],"curies":[{"name":"wp","href":"https:\/\/api.w.org\/{rel}","templated":true}]}}