{"id":6075,"date":"2021-01-17T15:33:45","date_gmt":"2021-01-17T12:33:45","guid":{"rendered":"https:\/\/cook.com.tr\/sikca-sorulan-sorular\/"},"modified":"2021-04-14T11:15:08","modified_gmt":"2021-04-14T08:15:08","slug":"faq","status":"publish","type":"page","link":"https:\/\/cook.com.tr\/en\/faq\/","title":{"rendered":"Frequently Asked Questions"},"content":{"rendered":"<p><strong>Your Questions about our Kitchen Products<\/strong><\/p>\n","protected":false},"excerpt":{"rendered":"<p>Your Questions about our Kitchen Products<\/p>\n","protected":false},"author":1,"featured_media":6325,"parent":0,"menu_order":0,"comment_status":"closed","ping_status":"closed","template":"sss.php","meta":{"footnotes":""},"class_list":["post-6075","page","type-page","status-publish","has-post-thumbnail","hentry"],"yoast_head":"<!-- This site is optimized with the Yoast SEO plugin v27.4 - https:\/\/yoast.com\/product\/yoast-seo-wordpress\/ -->\n<title>Frequently Asked Questions - COOK T\u00fcketici \u00dcr\u00fcnleri<\/title>\n<meta name=\"robots\" content=\"index, follow, max-snippet:-1, max-image-preview:large, max-video-preview:-1\" \/>\n<link rel=\"canonical\" href=\"https:\/\/cook.com.tr\/en\/faq\/\" \/>\n<meta property=\"og:locale\" content=\"en_US\" \/>\n<meta property=\"og:type\" content=\"article\" \/>\n<meta property=\"og:title\" content=\"Frequently Asked Questions - COOK T\u00fcketici \u00dcr\u00fcnleri\" \/>\n<meta property=\"og:description\" content=\"Your Questions about our Kitchen Products\" \/>\n<meta property=\"og:url\" content=\"https:\/\/cook.com.tr\/en\/faq\/\" \/>\n<meta property=\"og:site_name\" content=\"COOK T\u00fcketici \u00dcr\u00fcnleri\" \/>\n<meta property=\"article:modified_time\" content=\"2021-04-14T08:15:08+00:00\" \/>\n<meta property=\"og:image\" content=\"https:\/\/cook.com.tr\/wp-content\/uploads\/2021\/02\/sss-banner.jpg\" \/>\n\t<meta property=\"og:image:width\" content=\"1920\" \/>\n\t<meta property=\"og:image:height\" content=\"210\" \/>\n\t<meta property=\"og:image:type\" content=\"image\/jpeg\" \/>\n<meta name=\"twitter:card\" content=\"summary_large_image\" \/>\n<meta name=\"twitter:label1\" content=\"Est. reading time\" \/>\n\t<meta name=\"twitter:data1\" content=\"1 minute\" \/>\n<script type=\"application\/ld+json\" class=\"yoast-schema-graph\">{\"@context\":\"https:\\\/\\\/schema.org\",\"@graph\":[{\"@type\":\"WebPage\",\"@id\":\"https:\\\/\\\/cook.com.tr\\\/en\\\/faq\\\/\",\"url\":\"https:\\\/\\\/cook.com.tr\\\/en\\\/faq\\\/\",\"name\":\"Frequently Asked Questions - COOK T\u00fcketici \u00dcr\u00fcnleri\",\"isPartOf\":{\"@id\":\"https:\\\/\\\/cook.com.tr\\\/tr\\\/#website\"},\"primaryImageOfPage\":{\"@id\":\"https:\\\/\\\/cook.com.tr\\\/en\\\/faq\\\/#primaryimage\"},\"image\":{\"@id\":\"https:\\\/\\\/cook.com.tr\\\/en\\\/faq\\\/#primaryimage\"},\"thumbnailUrl\":\"https:\\\/\\\/cook.com.tr\\\/wp-content\\\/uploads\\\/2021\\\/02\\\/sss-banner.jpg\",\"datePublished\":\"2021-01-17T12:33:45+00:00\",\"dateModified\":\"2021-04-14T08:15:08+00:00\",\"breadcrumb\":{\"@id\":\"https:\\\/\\\/cook.com.tr\\\/en\\\/faq\\\/#breadcrumb\"},\"inLanguage\":\"en-US\",\"potentialAction\":[{\"@type\":\"ReadAction\",\"target\":[\"https:\\\/\\\/cook.com.tr\\\/en\\\/faq\\\/\"]}]},{\"@type\":\"ImageObject\",\"inLanguage\":\"en-US\",\"@id\":\"https:\\\/\\\/cook.com.tr\\\/en\\\/faq\\\/#primaryimage\",\"url\":\"https:\\\/\\\/cook.com.tr\\\/wp-content\\\/uploads\\\/2021\\\/02\\\/sss-banner.jpg\",\"contentUrl\":\"https:\\\/\\\/cook.com.tr\\\/wp-content\\\/uploads\\\/2021\\\/02\\\/sss-banner.jpg\",\"width\":1920,\"height\":210},{\"@type\":\"BreadcrumbList\",\"@id\":\"https:\\\/\\\/cook.com.tr\\\/en\\\/faq\\\/#breadcrumb\",\"itemListElement\":[{\"@type\":\"ListItem\",\"position\":1,\"name\":\"Home\",\"item\":\"https:\\\/\\\/cook.com.tr\\\/en\\\/ana-sayfa\\\/\"},{\"@type\":\"ListItem\",\"position\":2,\"name\":\"Frequently Asked Questions\"}]},{\"@type\":\"WebSite\",\"@id\":\"https:\\\/\\\/cook.com.tr\\\/tr\\\/#website\",\"url\":\"https:\\\/\\\/cook.com.tr\\\/tr\\\/\",\"name\":\"COOK T\u00fcketici \u00dcr\u00fcnleri\",\"description\":\"cook.com.tr\",\"publisher\":{\"@id\":\"https:\\\/\\\/cook.com.tr\\\/tr\\\/#organization\"},\"potentialAction\":[{\"@type\":\"SearchAction\",\"target\":{\"@type\":\"EntryPoint\",\"urlTemplate\":\"https:\\\/\\\/cook.com.tr\\\/tr\\\/?s={search_term_string}\"},\"query-input\":{\"@type\":\"PropertyValueSpecification\",\"valueRequired\":true,\"valueName\":\"search_term_string\"}}],\"inLanguage\":\"en-US\"},{\"@type\":\"Organization\",\"@id\":\"https:\\\/\\\/cook.com.tr\\\/tr\\\/#organization\",\"name\":\"COOK\",\"url\":\"https:\\\/\\\/cook.com.tr\\\/tr\\\/\",\"logo\":{\"@type\":\"ImageObject\",\"inLanguage\":\"en-US\",\"@id\":\"https:\\\/\\\/cook.com.tr\\\/tr\\\/#\\\/schema\\\/logo\\\/image\\\/\",\"url\":\"https:\\\/\\\/cook.com.tr\\\/wp-content\\\/uploads\\\/2021\\\/04\\\/cook-logo-1-2.png\",\"contentUrl\":\"https:\\\/\\\/cook.com.tr\\\/wp-content\\\/uploads\\\/2021\\\/04\\\/cook-logo-1-2.png\",\"width\":113,\"height\":53,\"caption\":\"COOK\"},\"image\":{\"@id\":\"https:\\\/\\\/cook.com.tr\\\/tr\\\/#\\\/schema\\\/logo\\\/image\\\/\"}}]}<\/script>\n<!-- \/ Yoast SEO plugin. -->","yoast_head_json":{"title":"Frequently Asked Questions - COOK T\u00fcketici \u00dcr\u00fcnleri","robots":{"index":"index","follow":"follow","max-snippet":"max-snippet:-1","max-image-preview":"max-image-preview:large","max-video-preview":"max-video-preview:-1"},"canonical":"https:\/\/cook.com.tr\/en\/faq\/","og_locale":"en_US","og_type":"article","og_title":"Frequently Asked Questions - COOK T\u00fcketici \u00dcr\u00fcnleri","og_description":"Your Questions about our Kitchen Products","og_url":"https:\/\/cook.com.tr\/en\/faq\/","og_site_name":"COOK T\u00fcketici \u00dcr\u00fcnleri","article_modified_time":"2021-04-14T08:15:08+00:00","og_image":[{"width":1920,"height":210,"url":"https:\/\/cook.com.tr\/wp-content\/uploads\/2021\/02\/sss-banner.jpg","type":"image\/jpeg"}],"twitter_card":"summary_large_image","twitter_misc":{"Est. reading time":"1 minute"},"schema":{"@context":"https:\/\/schema.org","@graph":[{"@type":"WebPage","@id":"https:\/\/cook.com.tr\/en\/faq\/","url":"https:\/\/cook.com.tr\/en\/faq\/","name":"Frequently Asked Questions - COOK T\u00fcketici \u00dcr\u00fcnleri","isPartOf":{"@id":"https:\/\/cook.com.tr\/tr\/#website"},"primaryImageOfPage":{"@id":"https:\/\/cook.com.tr\/en\/faq\/#primaryimage"},"image":{"@id":"https:\/\/cook.com.tr\/en\/faq\/#primaryimage"},"thumbnailUrl":"https:\/\/cook.com.tr\/wp-content\/uploads\/2021\/02\/sss-banner.jpg","datePublished":"2021-01-17T12:33:45+00:00","dateModified":"2021-04-14T08:15:08+00:00","breadcrumb":{"@id":"https:\/\/cook.com.tr\/en\/faq\/#breadcrumb"},"inLanguage":"en-US","potentialAction":[{"@type":"ReadAction","target":["https:\/\/cook.com.tr\/en\/faq\/"]}]},{"@type":"ImageObject","inLanguage":"en-US","@id":"https:\/\/cook.com.tr\/en\/faq\/#primaryimage","url":"https:\/\/cook.com.tr\/wp-content\/uploads\/2021\/02\/sss-banner.jpg","contentUrl":"https:\/\/cook.com.tr\/wp-content\/uploads\/2021\/02\/sss-banner.jpg","width":1920,"height":210},{"@type":"BreadcrumbList","@id":"https:\/\/cook.com.tr\/en\/faq\/#breadcrumb","itemListElement":[{"@type":"ListItem","position":1,"name":"Home","item":"https:\/\/cook.com.tr\/en\/ana-sayfa\/"},{"@type":"ListItem","position":2,"name":"Frequently Asked Questions"}]},{"@type":"WebSite","@id":"https:\/\/cook.com.tr\/tr\/#website","url":"https:\/\/cook.com.tr\/tr\/","name":"COOK T\u00fcketici \u00dcr\u00fcnleri","description":"cook.com.tr","publisher":{"@id":"https:\/\/cook.com.tr\/tr\/#organization"},"potentialAction":[{"@type":"SearchAction","target":{"@type":"EntryPoint","urlTemplate":"https:\/\/cook.com.tr\/tr\/?s={search_term_string}"},"query-input":{"@type":"PropertyValueSpecification","valueRequired":true,"valueName":"search_term_string"}}],"inLanguage":"en-US"},{"@type":"Organization","@id":"https:\/\/cook.com.tr\/tr\/#organization","name":"COOK","url":"https:\/\/cook.com.tr\/tr\/","logo":{"@type":"ImageObject","inLanguage":"en-US","@id":"https:\/\/cook.com.tr\/tr\/#\/schema\/logo\/image\/","url":"https:\/\/cook.com.tr\/wp-content\/uploads\/2021\/04\/cook-logo-1-2.png","contentUrl":"https:\/\/cook.com.tr\/wp-content\/uploads\/2021\/04\/cook-logo-1-2.png","width":113,"height":53,"caption":"COOK"},"image":{"@id":"https:\/\/cook.com.tr\/tr\/#\/schema\/logo\/image\/"}}]}},"_links":{"self":[{"href":"https:\/\/cook.com.tr\/en\/wp-json\/wp\/v2\/pages\/6075","targetHints":{"allow":["GET"]}}],"collection":[{"href":"https:\/\/cook.com.tr\/en\/wp-json\/wp\/v2\/pages"}],"about":[{"href":"https:\/\/cook.com.tr\/en\/wp-json\/wp\/v2\/types\/page"}],"author":[{"embeddable":true,"href":"https:\/\/cook.com.tr\/en\/wp-json\/wp\/v2\/users\/1"}],"replies":[{"embeddable":true,"href":"https:\/\/cook.com.tr\/en\/wp-json\/wp\/v2\/comments?post=6075"}],"version-history":[{"count":0,"href":"https:\/\/cook.com.tr\/en\/wp-json\/wp\/v2\/pages\/6075\/revisions"}],"wp:featuredmedia":[{"embeddable":true,"href":"https:\/\/cook.com.tr\/en\/wp-json\/wp\/v2\/media\/6325"}],"wp:attachment":[{"href":"https:\/\/cook.com.tr\/en\/wp-json\/wp\/v2\/media?parent=6075"}],"curies":[{"name":"wp","href":"https:\/\/api.w.org\/{rel}","templated":true}]}}