{"id":8092,"date":"2021-01-17T15:33:45","date_gmt":"2021-01-17T12:33:45","guid":{"rendered":"https:\/\/cook.com.tr\/frequently-asked-questions\/"},"modified":"2021-04-14T11:15:42","modified_gmt":"2021-04-14T08:15:42","slug":"h%d3%93ufig-gestellte","status":"publish","type":"page","link":"https:\/\/cook.com.tr\/de\/h%d3%93ufig-gestellte\/","title":{"rendered":"H\u04d3ufig Gestellte Fragen"},"content":{"rendered":"<p><strong>Was Sie \u00fcber unsere K\u00fcchen-Produkte wissen m\u00f6chten<\/strong><\/p>\n","protected":false},"excerpt":{"rendered":"<p>Was Sie \u00fcber unsere K\u00fcchen-Produkte wissen m\u00f6chten<\/p>\n","protected":false},"author":1,"featured_media":8093,"parent":0,"menu_order":0,"comment_status":"closed","ping_status":"closed","template":"sss.php","meta":{"footnotes":""},"class_list":["post-8092","page","type-page","status-publish","has-post-thumbnail","hentry"],"yoast_head":"<!-- This site is optimized with the Yoast SEO plugin v27.4 - https:\/\/yoast.com\/product\/yoast-seo-wordpress\/ -->\n<title>H\u04d3ufig Gestellte Fragen - COOK T\u00fcketici \u00dcr\u00fcnleri<\/title>\n<meta name=\"robots\" content=\"index, follow, max-snippet:-1, max-image-preview:large, max-video-preview:-1\" \/>\n<link rel=\"canonical\" href=\"https:\/\/cook.com.tr\/de\/h\u04d3ufig-gestellte\/\" \/>\n<meta property=\"og:locale\" content=\"de_DE\" \/>\n<meta property=\"og:type\" content=\"article\" \/>\n<meta property=\"og:title\" content=\"H\u04d3ufig Gestellte Fragen - COOK T\u00fcketici \u00dcr\u00fcnleri\" \/>\n<meta property=\"og:description\" content=\"Was Sie \u00fcber unsere K\u00fcchen-Produkte wissen m\u00f6chten\" \/>\n<meta property=\"og:url\" content=\"https:\/\/cook.com.tr\/de\/h\u04d3ufig-gestellte\/\" \/>\n<meta property=\"og:site_name\" content=\"COOK T\u00fcketici \u00dcr\u00fcnleri\" \/>\n<meta property=\"article:modified_time\" content=\"2021-04-14T08:15:42+00:00\" \/>\n<meta property=\"og:image\" content=\"https:\/\/cook.com.tr\/wp-content\/uploads\/2021\/02\/sss-banner.jpg\" \/>\n\t<meta property=\"og:image:width\" content=\"1920\" \/>\n\t<meta property=\"og:image:height\" content=\"210\" \/>\n\t<meta property=\"og:image:type\" content=\"image\/jpeg\" \/>\n<meta name=\"twitter:card\" content=\"summary_large_image\" \/>\n<meta name=\"twitter:label1\" content=\"Gesch\u00e4tzte Lesezeit\" \/>\n\t<meta name=\"twitter:data1\" content=\"1\u00a0Minute\" \/>\n<script type=\"application\/ld+json\" class=\"yoast-schema-graph\">{\"@context\":\"https:\\\/\\\/schema.org\",\"@graph\":[{\"@type\":\"WebPage\",\"@id\":\"https:\\\/\\\/cook.com.tr\\\/de\\\/h%d3%93ufig-gestellte\\\/\",\"url\":\"https:\\\/\\\/cook.com.tr\\\/de\\\/h%d3%93ufig-gestellte\\\/\",\"name\":\"H\u04d3ufig Gestellte Fragen - COOK T\u00fcketici \u00dcr\u00fcnleri\",\"isPartOf\":{\"@id\":\"https:\\\/\\\/cook.com.tr\\\/tr\\\/#website\"},\"primaryImageOfPage\":{\"@id\":\"https:\\\/\\\/cook.com.tr\\\/de\\\/h%d3%93ufig-gestellte\\\/#primaryimage\"},\"image\":{\"@id\":\"https:\\\/\\\/cook.com.tr\\\/de\\\/h%d3%93ufig-gestellte\\\/#primaryimage\"},\"thumbnailUrl\":\"https:\\\/\\\/cook.com.tr\\\/wp-content\\\/uploads\\\/2021\\\/02\\\/sss-banner.jpg\",\"datePublished\":\"2021-01-17T12:33:45+00:00\",\"dateModified\":\"2021-04-14T08:15:42+00:00\",\"breadcrumb\":{\"@id\":\"https:\\\/\\\/cook.com.tr\\\/de\\\/h%d3%93ufig-gestellte\\\/#breadcrumb\"},\"inLanguage\":\"de\",\"potentialAction\":[{\"@type\":\"ReadAction\",\"target\":[\"https:\\\/\\\/cook.com.tr\\\/de\\\/h%d3%93ufig-gestellte\\\/\"]}]},{\"@type\":\"ImageObject\",\"inLanguage\":\"de\",\"@id\":\"https:\\\/\\\/cook.com.tr\\\/de\\\/h%d3%93ufig-gestellte\\\/#primaryimage\",\"url\":\"https:\\\/\\\/cook.com.tr\\\/wp-content\\\/uploads\\\/2021\\\/02\\\/sss-banner.jpg\",\"contentUrl\":\"https:\\\/\\\/cook.com.tr\\\/wp-content\\\/uploads\\\/2021\\\/02\\\/sss-banner.jpg\",\"width\":1920,\"height\":210},{\"@type\":\"BreadcrumbList\",\"@id\":\"https:\\\/\\\/cook.com.tr\\\/de\\\/h%d3%93ufig-gestellte\\\/#breadcrumb\",\"itemListElement\":[{\"@type\":\"ListItem\",\"position\":1,\"name\":\"Anasayfa\",\"item\":\"https:\\\/\\\/cook.com.tr\\\/de\\\/ana-sayfa\\\/\"},{\"@type\":\"ListItem\",\"position\":2,\"name\":\"H\u04d3ufig Gestellte Fragen\"}]},{\"@type\":\"WebSite\",\"@id\":\"https:\\\/\\\/cook.com.tr\\\/tr\\\/#website\",\"url\":\"https:\\\/\\\/cook.com.tr\\\/tr\\\/\",\"name\":\"COOK T\u00fcketici \u00dcr\u00fcnleri\",\"description\":\"COOK&#039;lu Hayat\",\"publisher\":{\"@id\":\"https:\\\/\\\/cook.com.tr\\\/tr\\\/#organization\"},\"potentialAction\":[{\"@type\":\"SearchAction\",\"target\":{\"@type\":\"EntryPoint\",\"urlTemplate\":\"https:\\\/\\\/cook.com.tr\\\/tr\\\/?s={search_term_string}\"},\"query-input\":{\"@type\":\"PropertyValueSpecification\",\"valueRequired\":true,\"valueName\":\"search_term_string\"}}],\"inLanguage\":\"de\"},{\"@type\":\"Organization\",\"@id\":\"https:\\\/\\\/cook.com.tr\\\/tr\\\/#organization\",\"name\":\"COOK\",\"url\":\"https:\\\/\\\/cook.com.tr\\\/tr\\\/\",\"logo\":{\"@type\":\"ImageObject\",\"inLanguage\":\"de\",\"@id\":\"https:\\\/\\\/cook.com.tr\\\/tr\\\/#\\\/schema\\\/logo\\\/image\\\/\",\"url\":\"https:\\\/\\\/cook.com.tr\\\/wp-content\\\/uploads\\\/2021\\\/04\\\/cook-logo-1-2.png\",\"contentUrl\":\"https:\\\/\\\/cook.com.tr\\\/wp-content\\\/uploads\\\/2021\\\/04\\\/cook-logo-1-2.png\",\"width\":113,\"height\":53,\"caption\":\"COOK\"},\"image\":{\"@id\":\"https:\\\/\\\/cook.com.tr\\\/tr\\\/#\\\/schema\\\/logo\\\/image\\\/\"}}]}<\/script>\n<!-- \/ Yoast SEO plugin. -->","yoast_head_json":{"title":"H\u04d3ufig Gestellte Fragen - COOK T\u00fcketici \u00dcr\u00fcnleri","robots":{"index":"index","follow":"follow","max-snippet":"max-snippet:-1","max-image-preview":"max-image-preview:large","max-video-preview":"max-video-preview:-1"},"canonical":"https:\/\/cook.com.tr\/de\/h\u04d3ufig-gestellte\/","og_locale":"de_DE","og_type":"article","og_title":"H\u04d3ufig Gestellte Fragen - COOK T\u00fcketici \u00dcr\u00fcnleri","og_description":"Was Sie \u00fcber unsere K\u00fcchen-Produkte wissen m\u00f6chten","og_url":"https:\/\/cook.com.tr\/de\/h\u04d3ufig-gestellte\/","og_site_name":"COOK T\u00fcketici \u00dcr\u00fcnleri","article_modified_time":"2021-04-14T08:15:42+00:00","og_image":[{"width":1920,"height":210,"url":"https:\/\/cook.com.tr\/wp-content\/uploads\/2021\/02\/sss-banner.jpg","type":"image\/jpeg"}],"twitter_card":"summary_large_image","twitter_misc":{"Gesch\u00e4tzte Lesezeit":"1\u00a0Minute"},"schema":{"@context":"https:\/\/schema.org","@graph":[{"@type":"WebPage","@id":"https:\/\/cook.com.tr\/de\/h%d3%93ufig-gestellte\/","url":"https:\/\/cook.com.tr\/de\/h%d3%93ufig-gestellte\/","name":"H\u04d3ufig Gestellte Fragen - COOK T\u00fcketici \u00dcr\u00fcnleri","isPartOf":{"@id":"https:\/\/cook.com.tr\/tr\/#website"},"primaryImageOfPage":{"@id":"https:\/\/cook.com.tr\/de\/h%d3%93ufig-gestellte\/#primaryimage"},"image":{"@id":"https:\/\/cook.com.tr\/de\/h%d3%93ufig-gestellte\/#primaryimage"},"thumbnailUrl":"https:\/\/cook.com.tr\/wp-content\/uploads\/2021\/02\/sss-banner.jpg","datePublished":"2021-01-17T12:33:45+00:00","dateModified":"2021-04-14T08:15:42+00:00","breadcrumb":{"@id":"https:\/\/cook.com.tr\/de\/h%d3%93ufig-gestellte\/#breadcrumb"},"inLanguage":"de","potentialAction":[{"@type":"ReadAction","target":["https:\/\/cook.com.tr\/de\/h%d3%93ufig-gestellte\/"]}]},{"@type":"ImageObject","inLanguage":"de","@id":"https:\/\/cook.com.tr\/de\/h%d3%93ufig-gestellte\/#primaryimage","url":"https:\/\/cook.com.tr\/wp-content\/uploads\/2021\/02\/sss-banner.jpg","contentUrl":"https:\/\/cook.com.tr\/wp-content\/uploads\/2021\/02\/sss-banner.jpg","width":1920,"height":210},{"@type":"BreadcrumbList","@id":"https:\/\/cook.com.tr\/de\/h%d3%93ufig-gestellte\/#breadcrumb","itemListElement":[{"@type":"ListItem","position":1,"name":"Anasayfa","item":"https:\/\/cook.com.tr\/de\/ana-sayfa\/"},{"@type":"ListItem","position":2,"name":"H\u04d3ufig Gestellte Fragen"}]},{"@type":"WebSite","@id":"https:\/\/cook.com.tr\/tr\/#website","url":"https:\/\/cook.com.tr\/tr\/","name":"COOK T\u00fcketici \u00dcr\u00fcnleri","description":"COOK&#039;lu Hayat","publisher":{"@id":"https:\/\/cook.com.tr\/tr\/#organization"},"potentialAction":[{"@type":"SearchAction","target":{"@type":"EntryPoint","urlTemplate":"https:\/\/cook.com.tr\/tr\/?s={search_term_string}"},"query-input":{"@type":"PropertyValueSpecification","valueRequired":true,"valueName":"search_term_string"}}],"inLanguage":"de"},{"@type":"Organization","@id":"https:\/\/cook.com.tr\/tr\/#organization","name":"COOK","url":"https:\/\/cook.com.tr\/tr\/","logo":{"@type":"ImageObject","inLanguage":"de","@id":"https:\/\/cook.com.tr\/tr\/#\/schema\/logo\/image\/","url":"https:\/\/cook.com.tr\/wp-content\/uploads\/2021\/04\/cook-logo-1-2.png","contentUrl":"https:\/\/cook.com.tr\/wp-content\/uploads\/2021\/04\/cook-logo-1-2.png","width":113,"height":53,"caption":"COOK"},"image":{"@id":"https:\/\/cook.com.tr\/tr\/#\/schema\/logo\/image\/"}}]}},"_links":{"self":[{"href":"https:\/\/cook.com.tr\/de\/wp-json\/wp\/v2\/pages\/8092","targetHints":{"allow":["GET"]}}],"collection":[{"href":"https:\/\/cook.com.tr\/de\/wp-json\/wp\/v2\/pages"}],"about":[{"href":"https:\/\/cook.com.tr\/de\/wp-json\/wp\/v2\/types\/page"}],"author":[{"embeddable":true,"href":"https:\/\/cook.com.tr\/de\/wp-json\/wp\/v2\/users\/1"}],"replies":[{"embeddable":true,"href":"https:\/\/cook.com.tr\/de\/wp-json\/wp\/v2\/comments?post=8092"}],"version-history":[{"count":0,"href":"https:\/\/cook.com.tr\/de\/wp-json\/wp\/v2\/pages\/8092\/revisions"}],"wp:featuredmedia":[{"embeddable":true,"href":"https:\/\/cook.com.tr\/de\/wp-json\/wp\/v2\/media\/8093"}],"wp:attachment":[{"href":"https:\/\/cook.com.tr\/de\/wp-json\/wp\/v2\/media?parent=8092"}],"curies":[{"name":"wp","href":"https:\/\/api.w.org\/{rel}","templated":true}]}}